{"id":354,"date":"2022-03-14T14:06:53","date_gmt":"2022-03-14T13:06:53","guid":{"rendered":"https:\/\/www.vr-stillberatung.de\/shop\/?post_type=product&#038;p=354"},"modified":"2022-04-24T21:36:07","modified_gmt":"2022-04-24T19:36:07","slug":"behutsames-abstillen-fuer-mama-und-kind-n-dem-1-lebensjahr","status":"publish","type":"product","link":"https:\/\/www.vr-stillberatung.de\/shop\/produkt\/behutsames-abstillen-fuer-mama-und-kind-n-dem-1-lebensjahr\/","title":{"rendered":"Behutsames abstillen f\u00fcr Mama und Kind n. dem 1. Lebensjahr"},"content":{"rendered":"<p>Abstillen ist nicht immer so einfach wie man denkt. Manchmal klappt es allein, manchmal braucht es aber doch eine professionelle Begleitung.<br \/>\nEs ist ein Band entstanden was man nicht durchtrennen m\u00f6chte sondern umleiten will. Wenn aus welchen Gr\u00fcnden auch immer abgestillt werden soll, begleite und unterst\u00fctze ich euch, wir sprechen \u00fcber die vielen M\u00f6glichkeiten es behutsam und liebevoll zu gestalten. F\u00fcr euch beide eine Umleitung in eine neue besondere Phase des Lebens.<\/p>\n<p>Dauer: 60 Minuten<br \/>\nEinzelberatung ONLINE<\/p>\n","protected":false},"excerpt":{"rendered":"<p>Abstillen ist nicht immer so einfach wie man denkt. Manchmal klappt es allein, manchmal braucht es aber doch eine professionelle Begleitung.<br \/>\nEs ist ein Band entstanden was man nicht durchtrennen m\u00f6chte sondern umleiten will. Wenn aus welchen Gr\u00fcnden auch immer abgestillt werden soll, begleite und unterst\u00fctze ich euch, wir sprechen \u00fcber die vielen M\u00f6glichkeiten es behutsam und liebevoll zu gestalten. F\u00fcr euch beide eine Umleitung in eine neue besondere Phase des Lebens.<\/p>\n","protected":false},"featured_media":363,"comment_status":"closed","ping_status":"closed","template":"","meta":[],"product_cat":[26],"product_tag":[],"class_list":["post-354","product","type-product","status-publish","has-post-thumbnail","hentry","product_cat-nach-der-geburt"],"_links":{"self":[{"href":"https:\/\/www.vr-stillberatung.de\/shop\/wp-json\/wp\/v3\/product\/354","targetHints":{"allow":["GET"]}}],"collection":[{"href":"https:\/\/www.vr-stillberatung.de\/shop\/wp-json\/wp\/v3\/product"}],"about":[{"href":"https:\/\/www.vr-stillberatung.de\/shop\/wp-json\/wp\/v2\/types\/product"}],"replies":[{"embeddable":true,"href":"https:\/\/www.vr-stillberatung.de\/shop\/wp-json\/wp\/v2\/comments?post=354"}],"wp:featuredmedia":[{"embeddable":true,"href":"https:\/\/www.vr-stillberatung.de\/shop\/wp-json\/wp\/v2\/media\/363"}],"wp:attachment":[{"href":"https:\/\/www.vr-stillberatung.de\/shop\/wp-json\/wp\/v2\/media?parent=354"}],"wp:term":[{"taxonomy":"product_cat","embeddable":true,"href":"https:\/\/www.vr-stillberatung.de\/shop\/wp-json\/wp\/v2\/product_cat?post=354"},{"taxonomy":"product_tag","embeddable":true,"href":"https:\/\/www.vr-stillberatung.de\/shop\/wp-json\/wp\/v2\/product_tag?post=354"}],"curies":[{"name":"wp","href":"https:\/\/api.w.org\/{rel}","templated":true}]}}