{"id":388,"date":"2022-03-20T11:39:03","date_gmt":"2022-03-20T10:39:03","guid":{"rendered":"https:\/\/www.vr-stillberatung.de\/shop\/?post_type=product&#038;p=388"},"modified":"2022-04-24T22:01:30","modified_gmt":"2022-04-24T20:01:30","slug":"stillen-das-leben-und-ich-online","status":"publish","type":"product","link":"https:\/\/www.vr-stillberatung.de\/shop\/produkt\/stillen-das-leben-und-ich-online\/","title":{"rendered":"Stillen, das Leben und ich"},"content":{"rendered":"<p>Nun ist der Alltag da &#038; es kommen aber auch hier immer wieder Fragen und evtl. Unsicherheiten auf. Du fragst dich vielleicht sogar, ob hier wirklich eine Stillberatung n\u00f6tig ist? Das ist individuell. Doch es k\u00f6nnen Themen sein wie:<\/p>\n<p>-Berufst\u00e4tigkeit und stillen (auch von Kinder \u00dc12 Monaten)<br \/>\n\u2028-der Sexualit\u00e4t &#038; Paarzeit\u2028-und\/oder dem Kinderwunsch in der Stillzeit\u2028<br \/>\n-Sport w\u00e4hrend der Stillzeit und vieles vieles mehr\u2028. <\/p>\n<p>Meld dich sehr gerne. F\u00fchle dich frei in deinen Fragen und gewinne Sicherheit und Best\u00e4rkung. Ich w\u00fcrde mich freuen dich begleiten zu d\u00fcrfen.<\/p>\n<p>Dauer: 60 Minuten<br \/>\nEinzelberatung ONLINE<\/p>\n","protected":false},"excerpt":{"rendered":"<p>Nun ist der Alltag da &#038; es kommen aber auch hier immer wieder Fragen und evtl. Unsicherheiten auf. Du fragst dich vielleicht sogar, ob hier wirklich eine Stillberatung n\u00f6tig ist? Das ist individuell. Doch es k\u00f6nnen Themen sein wie:<\/p>\n<p>-Berufst\u00e4tigkeit und stillen (auch von Kinder \u00dc12 Monaten)<br \/>\n\u2028-der Sexualit\u00e4t &#038; Paarzeit\u2028-und\/oder dem Kinderwunsch in der Stillzeit<br \/>\n\u2028-Sport w\u00e4hrend der Stillzeit und vieles vieles mehr<\/p>\n<p>\u2028Melde dich sehr gerne. F\u00fchle dich frei in deinen Fragen und gewinne Sicherheit und Best\u00e4rkung. Ich w\u00fcrde mich freuen dich begleiten zu d\u00fcrfen.<\/p>\n<p>Dauer: 60 Minuten<br \/>\nEinzelberatung ONLINE<\/p>\n","protected":false},"featured_media":361,"comment_status":"closed","ping_status":"closed","template":"","meta":[],"product_cat":[19,26],"product_tag":[],"class_list":["post-388","product","type-product","status-publish","has-post-thumbnail","hentry","product_cat-beikost","product_cat-nach-der-geburt"],"_links":{"self":[{"href":"https:\/\/www.vr-stillberatung.de\/shop\/wp-json\/wp\/v3\/product\/388","targetHints":{"allow":["GET"]}}],"collection":[{"href":"https:\/\/www.vr-stillberatung.de\/shop\/wp-json\/wp\/v3\/product"}],"about":[{"href":"https:\/\/www.vr-stillberatung.de\/shop\/wp-json\/wp\/v2\/types\/product"}],"replies":[{"embeddable":true,"href":"https:\/\/www.vr-stillberatung.de\/shop\/wp-json\/wp\/v2\/comments?post=388"}],"wp:featuredmedia":[{"embeddable":true,"href":"https:\/\/www.vr-stillberatung.de\/shop\/wp-json\/wp\/v2\/media\/361"}],"wp:attachment":[{"href":"https:\/\/www.vr-stillberatung.de\/shop\/wp-json\/wp\/v2\/media?parent=388"}],"wp:term":[{"taxonomy":"product_cat","embeddable":true,"href":"https:\/\/www.vr-stillberatung.de\/shop\/wp-json\/wp\/v2\/product_cat?post=388"},{"taxonomy":"product_tag","embeddable":true,"href":"https:\/\/www.vr-stillberatung.de\/shop\/wp-json\/wp\/v2\/product_tag?post=388"}],"curies":[{"name":"wp","href":"https:\/\/api.w.org\/{rel}","templated":true}]}}